{"id":1218,"date":"2024-02-28T17:14:52","date_gmt":"2024-02-28T20:14:52","guid":{"rendered":"https:\/\/forcaambiental.eco.br\/?page_id=1218"},"modified":"2025-10-01T14:46:10","modified_gmt":"2025-10-01T17:46:10","slug":"canal-de-comunicacao","status":"publish","type":"page","link":"https:\/\/forcaambiental.eco.br\/index.php\/canal-de-comunicacao\/","title":{"rendered":"Canal de Comunica\u00e7\u00e3o"},"content":{"rendered":"\t\t<div data-elementor-type=\"wp-page\" data-elementor-id=\"1218\" class=\"elementor elementor-1218\" data-elementor-post-type=\"page\">\n\t\t\t\t\t\t<section class=\"elementor-section elementor-top-section elementor-element elementor-element-9ee2c29 elementor-section-height-min-height elementor-section-boxed elementor-section-height-default elementor-section-items-middle wpr-particle-no wpr-jarallax-no wpr-parallax-no wpr-sticky-section-no wpr-column-slider-no wpr-equal-height-no\" data-id=\"9ee2c29\" data-element_type=\"section\" data-e-type=\"section\" data-settings=\"{&quot;background_background&quot;:&quot;classic&quot;}\">\n\t\t\t\t\t\t<div class=\"elementor-container elementor-column-gap-default\">\n\t\t\t\t\t<div class=\"elementor-column elementor-col-100 elementor-top-column elementor-element elementor-element-bef97a0\" data-id=\"bef97a0\" data-element_type=\"column\" data-e-type=\"column\">\n\t\t\t<div class=\"elementor-widget-wrap elementor-element-populated\">\n\t\t\t\t\t\t<div class=\"elementor-element elementor-element-2cfa461 elementor-widget elementor-widget-heading\" data-id=\"2cfa461\" data-element_type=\"widget\" data-e-type=\"widget\" data-widget_type=\"heading.default\">\n\t\t\t\t<div class=\"elementor-widget-container\">\n\t\t\t\t\t<h2 class=\"elementor-heading-title elementor-size-default\">Canal de Comunica\u00e7\u00e3o<\/h2>\t\t\t\t<\/div>\n\t\t\t\t<\/div>\n\t\t\t\t\t<\/div>\n\t\t<\/div>\n\t\t\t\t\t<\/div>\n\t\t<\/section>\n\t\t\t\t<section class=\"elementor-section elementor-top-section elementor-element elementor-element-49b6d20 elementor-section-boxed elementor-section-height-default elementor-section-height-default wpr-particle-no wpr-jarallax-no wpr-parallax-no wpr-sticky-section-no wpr-column-slider-no wpr-equal-height-no\" data-id=\"49b6d20\" data-element_type=\"section\" data-e-type=\"section\">\n\t\t\t\t\t\t<div class=\"elementor-container elementor-column-gap-default\">\n\t\t\t\t\t<div class=\"elementor-column elementor-col-100 elementor-top-column elementor-element elementor-element-661a461 elementor-invisible\" data-id=\"661a461\" data-element_type=\"column\" data-e-type=\"column\" data-settings=\"{&quot;animation&quot;:&quot;slideInLeft&quot;}\">\n\t\t\t<div class=\"elementor-widget-wrap elementor-element-populated\">\n\t\t\t\t\t\t<div class=\"elementor-element elementor-element-ffb783a elementor-widget elementor-widget-heading\" data-id=\"ffb783a\" data-element_type=\"widget\" data-e-type=\"widget\" data-widget_type=\"heading.default\">\n\t\t\t\t<div class=\"elementor-widget-container\">\n\t\t\t\t\t<h2 class=\"elementor-heading-title elementor-size-default\">FOR\u00c7A AMBIENTAL<\/h2>\t\t\t\t<\/div>\n\t\t\t\t<\/div>\n\t\t\t\t<div class=\"elementor-element elementor-element-1d3b610 elementor-widget elementor-widget-heading\" data-id=\"1d3b610\" data-element_type=\"widget\" data-e-type=\"widget\" data-widget_type=\"heading.default\">\n\t\t\t\t<div class=\"elementor-widget-container\">\n\t\t\t\t\t<h2 class=\"elementor-heading-title elementor-size-default\">Canal de Comunica\u00e7\u00e3o<\/h2>\t\t\t\t<\/div>\n\t\t\t\t<\/div>\n\t\t\t\t<div class=\"elementor-element elementor-element-1641ade elementor-widget elementor-widget-text-editor\" data-id=\"1641ade\" data-element_type=\"widget\" data-e-type=\"widget\" data-widget_type=\"text-editor.default\">\n\t\t\t\t<div class=\"elementor-widget-container\">\n\t\t\t\t\t\t\t\t\t<p>Dentre as principais atividades de Programa de Compliance, destacam-se a elabora\u00e7\u00e3o de relat\u00f3rios sobre as irregularidades identificadas, a condu\u00e7\u00e3o de investiga\u00e7\u00f5es internas e a gest\u00e3o do Canal de Comunica\u00e7\u00e3o.<\/p><p><img fetchpriority=\"high\" decoding=\"async\" class=\"size-medium wp-image-1225 alignleft\" src=\"https:\/\/forcaambiental.eco.br\/wp-content\/uploads\/2024\/02\/CONTATO-COMPLIANCE-1-264x300.png\" alt=\"\" width=\"264\" height=\"300\" srcset=\"https:\/\/forcaambiental.eco.br\/wp-content\/uploads\/2024\/02\/CONTATO-COMPLIANCE-1-264x300.png 264w, https:\/\/forcaambiental.eco.br\/wp-content\/uploads\/2024\/02\/CONTATO-COMPLIANCE-1.png 318w\" sizes=\"(max-width: 264px) 100vw, 264px\" \/>Desta forma, o GRUPO conta com Canais de Comunica\u00e7\u00e3o aptos a receberem informa\u00e7\u00f5es de Colaboradores das Empresas e de Terceiros sobre irregularidades relacionadas \u00e0s suas atividades.<\/p><p>Al\u00e9m da possibilidade de comunica\u00e7\u00e3o direta com os Diretores do GRUPO ou com o Compliance Officer, \u00e9 disponibilizado tamb\u00e9m um endere\u00e7o de e-mail para que os Colaboradores ou Terceiros possam encaminhar as informa\u00e7\u00f5es que desejarem e ser\u00e3o analisadas pelo setor de compliance e que poder\u00e3o ensejar a realiza\u00e7\u00e3o de investiga\u00e7\u00f5es internas ou externas, a depender da complexidade dos fatos.<\/p><p>Caso o denunciante prefira n\u00e3o ser conhecido publicamente, mesmo que tenha se identificado \u00e0 Empresa, sua identidade ser\u00e1 resguardada, al\u00e9m de ficar garantida a prote\u00e7\u00e3o do denunciante de boa-f\u00e9 atrav\u00e9s da proibi\u00e7\u00e3o de retalia\u00e7\u00e3o.<\/p><p>Est\u00e1 dispon\u00edvel tamb\u00e9m, uma linha telef\u00f4nica (hot line), para que sejam feitas den\u00fancias, an\u00f4nimas ou n\u00e3o, sobre ilicitudes perpetradas por Colaboradores, Gestores ou Terceiros que agem em nome das empresas do GRUPO.<\/p><p>Ressaltasse ainda, que, todos os superiores hier\u00e1rquicos podem ser procurados caso algum Colaborador deseje relatar o cometimento de alguma irregularidade que envolva as atividades do GRUPO. Estes, por sua vez, dever\u00e3o procurar o setor de compliance, que tratar\u00e1 do assunto.<\/p><p>Medidas disciplinares ser\u00e3o aplicadas na hip\u00f3tese de viola\u00e7\u00f5es \u00e0s regras estabelecidas pelo Programa e o procedimento de apura\u00e7\u00e3o dos fatos e responsabilidades, ser\u00e1 aplicado a todo e qualquer Colaborador ou Dirigente do GRUPO, independentemente da sua posi\u00e7\u00e3o na hierarquia interna.<\/p><p>Caso sejam identificados ind\u00edcios razo\u00e1veis do cometimento de irregularidades graves, as puni\u00e7\u00f5es ser\u00e3o proporcionais \u00e0 viola\u00e7\u00e3o cometida e ao n\u00edvel de responsabilidade dos indiv\u00edduos envolvidos, sendo permitido o afastamento cautelar de dirigentes e empregados que possam de alguma maneira, influenciar o procedimento de apura\u00e7\u00e3o dos fatos.<\/p><p>Uma vez confirmado o cometimento do ato lesivo, o Compliance Officer apresentar\u00e1 suas conclus\u00f5es ao Comit\u00ea de \u00c9tica e Integridade, que decidir\u00e1 pela aplica\u00e7\u00e3o das san\u00e7\u00f5es cab\u00edveis, al\u00e9m de tomar as provid\u00eancias necess\u00e1rias para fazer cessar as irregularidades e remediar os seus efeitos.<\/p><p>O setor de compliance levar\u00e1 em considera\u00e7\u00e3o as irregularidades identificadas no plano de monitoramento cont\u00ednuo do Programa, buscando constatar poss\u00edveis falhas, que devem ser aprimoradas, e assim evitar o cometimento de novas irregularidades.<\/p>\t\t\t\t\t\t\t\t<\/div>\n\t\t\t\t<\/div>\n\t\t\t\t\t<\/div>\n\t\t<\/div>\n\t\t\t\t\t<\/div>\n\t\t<\/section>\n\t\t\t\t<section class=\"elementor-section elementor-top-section elementor-element elementor-element-091f1ce elementor-section-boxed elementor-section-height-default elementor-section-height-default wpr-particle-no wpr-jarallax-no wpr-parallax-no wpr-sticky-section-no wpr-column-slider-no wpr-equal-height-no\" data-id=\"091f1ce\" data-element_type=\"section\" data-e-type=\"section\" data-settings=\"{&quot;background_background&quot;:&quot;gradient&quot;}\">\n\t\t\t\t\t\t\t<div class=\"elementor-background-overlay\"><\/div>\n\t\t\t\t\t\t\t<div class=\"elementor-container elementor-column-gap-wide\">\n\t\t\t\t\t<div class=\"elementor-column elementor-col-100 elementor-top-column elementor-element elementor-element-873356f\" data-id=\"873356f\" data-element_type=\"column\" data-e-type=\"column\" data-settings=\"{&quot;background_background&quot;:&quot;classic&quot;}\">\n\t\t\t<div class=\"elementor-widget-wrap elementor-element-populated\">\n\t\t\t\t\t\t<section class=\"elementor-section elementor-inner-section elementor-element elementor-element-46f5f79 elementor-section-boxed elementor-section-height-default elementor-section-height-default wpr-particle-no wpr-jarallax-no wpr-parallax-no wpr-sticky-section-no wpr-column-slider-no wpr-equal-height-no\" data-id=\"46f5f79\" data-element_type=\"section\" data-e-type=\"section\">\n\t\t\t\t\t\t<div class=\"elementor-container elementor-column-gap-wide\">\n\t\t\t\t\t<div class=\"elementor-column elementor-col-50 elementor-inner-column elementor-element elementor-element-b0d4fae\" data-id=\"b0d4fae\" data-element_type=\"column\" data-e-type=\"column\">\n\t\t\t<div class=\"elementor-widget-wrap elementor-element-populated\">\n\t\t\t\t\t\t<div class=\"elementor-element elementor-element-78e4fb1 elementor-widget elementor-widget-heading\" data-id=\"78e4fb1\" data-element_type=\"widget\" data-e-type=\"widget\" data-widget_type=\"heading.default\">\n\t\t\t\t<div class=\"elementor-widget-container\">\n\t\t\t\t\t<h2 class=\"elementor-heading-title elementor-size-default\">Fale Conosco<\/h2>\t\t\t\t<\/div>\n\t\t\t\t<\/div>\n\t\t\t\t<div class=\"elementor-element elementor-element-a07e72d elementor-widget elementor-widget-text-editor\" data-id=\"a07e72d\" data-element_type=\"widget\" data-e-type=\"widget\" data-widget_type=\"text-editor.default\">\n\t\t\t\t<div class=\"elementor-widget-container\">\n\t\t\t\t\t\t\t\t\t<p>Seus dados estar\u00e3o seguros e rapidamente entraremos em contato com voc\u00ea, preencha seus dados ou fale diretamente conosco atrav\u00e9s de nossos canais.<\/p>\t\t\t\t\t\t\t\t<\/div>\n\t\t\t\t<\/div>\n\t\t\t\t<div class=\"elementor-element elementor-element-13349b9 elementor-position-inline-start elementor-view-default elementor-mobile-position-block-start elementor-invisible elementor-widget elementor-widget-icon-box\" data-id=\"13349b9\" data-element_type=\"widget\" data-e-type=\"widget\" data-settings=\"{&quot;_animation&quot;:&quot;zoomIn&quot;}\" data-widget_type=\"icon-box.default\">\n\t\t\t\t<div class=\"elementor-widget-container\">\n\t\t\t\t\t\t\t<div class=\"elementor-icon-box-wrapper\">\n\n\t\t\t\t\t\t<div class=\"elementor-icon-box-icon\">\n\t\t\t\t<a href=\"mailto:forca@forcaambiental.eco.br\" class=\"elementor-icon\" tabindex=\"-1\" aria-label=\"Email\">\n\t\t\t\t<svg aria-hidden=\"true\" class=\"e-font-icon-svg e-fas-envelope\" viewBox=\"0 0 512 512\" xmlns=\"http:\/\/www.w3.org\/2000\/svg\"><path d=\"M502.3 190.8c3.9-3.1 9.7-.2 9.7 4.7V400c0 26.5-21.5 48-48 48H48c-26.5 0-48-21.5-48-48V195.6c0-5 5.7-7.8 9.7-4.7 22.4 17.4 52.1 39.5 154.1 113.6 21.1 15.4 56.7 47.8 92.2 47.6 35.7.3 72-32.8 92.3-47.6 102-74.1 131.6-96.3 154-113.7zM256 320c23.2.4 56.6-29.2 73.4-41.4 132.7-96.3 142.8-104.7 173.4-128.7 5.8-4.5 9.2-11.5 9.2-18.9v-19c0-26.5-21.5-48-48-48H48C21.5 64 0 85.5 0 112v19c0 7.4 3.4 14.3 9.2 18.9 30.6 23.9 40.7 32.4 173.4 128.7 16.8 12.2 50.2 41.8 73.4 41.4z\"><\/path><\/svg>\t\t\t\t<\/a>\n\t\t\t<\/div>\n\t\t\t\n\t\t\t\t\t\t<div class=\"elementor-icon-box-content\">\n\n\t\t\t\t\t\t\t\t\t<h3 class=\"elementor-icon-box-title\">\n\t\t\t\t\t\t<a href=\"mailto:forca@forcaambiental.eco.br\" >\n\t\t\t\t\t\t\tEmail\t\t\t\t\t\t<\/a>\n\t\t\t\t\t<\/h3>\n\t\t\t\t\n\t\t\t\t\t\t\t\t\t<p class=\"elementor-icon-box-description\">\n\t\t\t\t\t\tforca@forcaambiental.eco.br\t\t\t\t\t<\/p>\n\t\t\t\t\n\t\t\t<\/div>\n\t\t\t\n\t\t<\/div>\n\t\t\t\t\t\t<\/div>\n\t\t\t\t<\/div>\n\t\t\t\t<div class=\"elementor-element elementor-element-38aa731 elementor-position-inline-start elementor-view-default elementor-mobile-position-block-start elementor-invisible elementor-widget elementor-widget-icon-box\" data-id=\"38aa731\" data-element_type=\"widget\" data-e-type=\"widget\" data-settings=\"{&quot;_animation&quot;:&quot;zoomIn&quot;}\" data-widget_type=\"icon-box.default\">\n\t\t\t\t<div class=\"elementor-widget-container\">\n\t\t\t\t\t\t\t<div class=\"elementor-icon-box-wrapper\">\n\n\t\t\t\t\t\t<div class=\"elementor-icon-box-icon\">\n\t\t\t\t<span  class=\"elementor-icon\">\n\t\t\t\t<svg aria-hidden=\"true\" class=\"e-font-icon-svg e-fas-phone-alt\" viewBox=\"0 0 512 512\" xmlns=\"http:\/\/www.w3.org\/2000\/svg\"><path d=\"M497.39 361.8l-112-48a24 24 0 0 0-28 6.9l-49.6 60.6A370.66 370.66 0 0 1 130.6 204.11l60.6-49.6a23.94 23.94 0 0 0 6.9-28l-48-112A24.16 24.16 0 0 0 122.6.61l-104 24A24 24 0 0 0 0 48c0 256.5 207.9 464 464 464a24 24 0 0 0 23.4-18.6l24-104a24.29 24.29 0 0 0-14.01-27.6z\"><\/path><\/svg>\t\t\t\t<\/span>\n\t\t\t<\/div>\n\t\t\t\n\t\t\t\t\t\t<div class=\"elementor-icon-box-content\">\n\n\t\t\t\t\t\t\t\t\t<h3 class=\"elementor-icon-box-title\">\n\t\t\t\t\t\t<span  >\n\t\t\t\t\t\t\tTelefone\t\t\t\t\t\t<\/span>\n\t\t\t\t\t<\/h3>\n\t\t\t\t\n\t\t\t\t\t\t\t\t\t<p class=\"elementor-icon-box-description\">\n\t\t\t\t\t\tRio de Janeiro: (21) 2212-3100\t\t\t\t\t<\/p>\n\t\t\t\t\n\t\t\t<\/div>\n\t\t\t\n\t\t<\/div>\n\t\t\t\t\t\t<\/div>\n\t\t\t\t<\/div>\n\t\t\t\t<div class=\"elementor-element elementor-element-6477de9 elementor-position-inline-start elementor-view-default elementor-mobile-position-block-start elementor-invisible elementor-widget elementor-widget-icon-box\" data-id=\"6477de9\" data-element_type=\"widget\" data-e-type=\"widget\" data-settings=\"{&quot;_animation&quot;:&quot;zoomIn&quot;}\" data-widget_type=\"icon-box.default\">\n\t\t\t\t<div class=\"elementor-widget-container\">\n\t\t\t\t\t\t\t<div class=\"elementor-icon-box-wrapper\">\n\n\t\t\t\t\t\t<div class=\"elementor-icon-box-icon\">\n\t\t\t\t<span  class=\"elementor-icon\">\n\t\t\t\t<svg aria-hidden=\"true\" class=\"e-font-icon-svg e-fas-map-marker-alt\" viewBox=\"0 0 384 512\" xmlns=\"http:\/\/www.w3.org\/2000\/svg\"><path d=\"M172.268 501.67C26.97 291.031 0 269.413 0 192 0 85.961 85.961 0 192 0s192 85.961 192 192c0 77.413-26.97 99.031-172.268 309.67-9.535 13.774-29.93 13.773-39.464 0zM192 272c44.183 0 80-35.817 80-80s-35.817-80-80-80-80 35.817-80 80 35.817 80 80 80z\"><\/path><\/svg>\t\t\t\t<\/span>\n\t\t\t<\/div>\n\t\t\t\n\t\t\t\t\t\t<div class=\"elementor-icon-box-content\">\n\n\t\t\t\t\t\t\t\t\t<h3 class=\"elementor-icon-box-title\">\n\t\t\t\t\t\t<span  >\n\t\t\t\t\t\t\tEndere\u00e7os:\t\t\t\t\t\t<\/span>\n\t\t\t\t\t<\/h3>\n\t\t\t\t\n\t\t\t\t\t\t\t\t\t<p class=\"elementor-icon-box-description\">\n\t\t\t\t\t\tMatriz: Rua Mar\u00edlia Peixoto de Aquino, 01. Centro - S\u00e3o Jo\u00e3o da Barra - RJ\n<br>\n<br>\nFilial: Rio de Janeiro - Rua da Assembleia, 66 \/ 10\u00ba andar. Centro, Rio de Janeiro, RJ. CEP: 20011-000\t\t\t\t\t<\/p>\n\t\t\t\t\n\t\t\t<\/div>\n\t\t\t\n\t\t<\/div>\n\t\t\t\t\t\t<\/div>\n\t\t\t\t<\/div>\n\t\t\t\t\t<\/div>\n\t\t<\/div>\n\t\t\t\t<div class=\"elementor-column elementor-col-50 elementor-inner-column elementor-element elementor-element-a4f9e7f\" data-id=\"a4f9e7f\" data-element_type=\"column\" data-e-type=\"column\">\n\t\t\t<div class=\"elementor-widget-wrap elementor-element-populated\">\n\t\t\t\t\t\t<div class=\"elementor-element elementor-element-e68e224 elementor-widget elementor-widget-heading\" data-id=\"e68e224\" data-element_type=\"widget\" data-e-type=\"widget\" data-widget_type=\"heading.default\">\n\t\t\t\t<div class=\"elementor-widget-container\">\n\t\t\t\t\t<h2 class=\"elementor-heading-title elementor-size-default\">Preencha Corretamente<br>Seus Dados<\/h2>\t\t\t\t<\/div>\n\t\t\t\t<\/div>\n\t\t\t\t<div class=\"elementor-element elementor-element-5b81d03 elementor-button-align-stretch elementor-widget elementor-widget-form\" data-id=\"5b81d03\" data-element_type=\"widget\" data-e-type=\"widget\" data-settings=\"{&quot;button_width&quot;:&quot;100&quot;,&quot;step_next_label&quot;:&quot;Next&quot;,&quot;step_previous_label&quot;:&quot;Previous&quot;,&quot;step_type&quot;:&quot;number_text&quot;,&quot;step_icon_shape&quot;:&quot;circle&quot;}\" data-widget_type=\"form.default\">\n\t\t\t\t<div class=\"elementor-widget-container\">\n\t\t\t\t\t\t\t<form class=\"elementor-form\" method=\"post\" name=\"New Form\" aria-label=\"New Form\">\n\t\t\t<input type=\"hidden\" name=\"post_id\" value=\"1218\"\/>\n\t\t\t<input type=\"hidden\" name=\"form_id\" value=\"5b81d03\"\/>\n\t\t\t<input type=\"hidden\" name=\"referer_title\" value=\"Canal de Comunica\u00e7\u00e3o\" \/>\n\n\t\t\t\t\t\t\t<input type=\"hidden\" name=\"queried_id\" value=\"1218\"\/>\n\t\t\t\n\t\t\t<div class=\"elementor-form-fields-wrapper elementor-labels-above\">\n\t\t\t\t\t\t\t\t<div class=\"elementor-field-type-text elementor-field-group elementor-column elementor-field-group-name elementor-col-100\">\n\t\t\t\t\t\t\t\t\t\t\t\t\t<input size=\"1\" type=\"text\" name=\"form_fields[name]\" id=\"form-field-name\" class=\"elementor-field elementor-size-sm  elementor-field-textual\" placeholder=\"Nome\">\n\t\t\t\t\t\t\t\t\t\t\t<\/div>\n\t\t\t\t\t\t\t\t<div class=\"elementor-field-type-email elementor-field-group elementor-column elementor-field-group-email elementor-col-100 elementor-field-required elementor-mark-required\">\n\t\t\t\t\t\t\t\t\t\t\t\t\t<input size=\"1\" type=\"email\" name=\"form_fields[email]\" id=\"form-field-email\" class=\"elementor-field elementor-size-sm  elementor-field-textual\" placeholder=\"Email\" required=\"required\">\n\t\t\t\t\t\t\t\t\t\t\t<\/div>\n\t\t\t\t\t\t\t\t<div class=\"elementor-field-type-textarea elementor-field-group elementor-column elementor-field-group-message elementor-col-100\">\n\t\t\t\t\t<textarea class=\"elementor-field-textual elementor-field  elementor-size-sm\" name=\"form_fields[message]\" id=\"form-field-message\" rows=\"4\" placeholder=\"Mensagem\"><\/textarea>\t\t\t\t<\/div>\n\t\t\t\t\t\t\t\t<div class=\"elementor-field-type-html elementor-field-group elementor-column elementor-field-group-field_1756bc6 elementor-col-100\">\n\t\t\t\t\t<label style=\"display:block;line-height:1.5\">\n  <input type=\"checkbox\" required>\n  Li e aceito os termos da \n  <a href=\"https:\/\/forcaambiental.eco.br\/index.php\/lgpd\/\" target=\"_blank\" rel=\"noopener noreferrer\" style=\"color: black;\">\n    Pol\u00edtica de Privacidade\n  <\/a>.\n<\/label>\n\t\t\t\t<\/div>\n\t\t\t\t\t\t\t\t<div class=\"elementor-field-group elementor-column elementor-field-type-submit elementor-col-100 e-form__buttons\">\n\t\t\t\t\t<button class=\"elementor-button elementor-size-md\" type=\"submit\">\n\t\t\t\t\t\t<span class=\"elementor-button-content-wrapper\">\n\t\t\t\t\t\t\t\t\t\t\t\t\t\t\t\t\t\t\t\t\t\t<span class=\"elementor-button-text\">Enviar<\/span>\n\t\t\t\t\t\t\t\t\t\t\t\t\t<\/span>\n\t\t\t\t\t<\/button>\n\t\t\t\t<\/div>\n\t\t\t<\/div>\n\t\t<\/form>\n\t\t\t\t\t\t<\/div>\n\t\t\t\t<\/div>\n\t\t\t\t\t<\/div>\n\t\t<\/div>\n\t\t\t\t\t<\/div>\n\t\t<\/section>\n\t\t\t\t\t<\/div>\n\t\t<\/div>\n\t\t\t\t\t<\/div>\n\t\t<\/section>\n\t\t\t\t<\/div>\n\t\t","protected":false},"excerpt":{"rendered":"<p>Canal de Comunica\u00e7\u00e3o FOR\u00c7A AMBIENTAL Canal de Comunica\u00e7\u00e3o Dentre as principais atividades de Programa de Compliance, destacam-se a elabora\u00e7\u00e3o de relat\u00f3rios sobre as irregularidades identificadas, a condu\u00e7\u00e3o de investiga\u00e7\u00f5es internas e a gest\u00e3o do Canal de Comunica\u00e7\u00e3o. Desta forma, o GRUPO conta com Canais de Comunica\u00e7\u00e3o aptos a receberem informa\u00e7\u00f5es de Colaboradores das Empresas e de Terceiros sobre irregularidades relacionadas \u00e0s suas atividades. Al\u00e9m da possibilidade de comunica\u00e7\u00e3o direta com os Diretores do GRUPO ou com o Compliance Officer, \u00e9 disponibilizado tamb\u00e9m um endere\u00e7o de e-mail para que os Colaboradores ou Terceiros possam encaminhar as informa\u00e7\u00f5es que desejarem e ser\u00e3o analisadas pelo setor de compliance e que poder\u00e3o ensejar a realiza\u00e7\u00e3o de investiga\u00e7\u00f5es internas ou externas, a depender da complexidade dos fatos. Caso o denunciante prefira n\u00e3o ser conhecido publicamente, mesmo que tenha se identificado \u00e0 Empresa, sua identidade ser\u00e1 resguardada, al\u00e9m de ficar garantida a prote\u00e7\u00e3o do denunciante de boa-f\u00e9 atrav\u00e9s da proibi\u00e7\u00e3o de retalia\u00e7\u00e3o. Est\u00e1 dispon\u00edvel tamb\u00e9m, uma linha telef\u00f4nica (hot line), para que sejam feitas den\u00fancias, an\u00f4nimas ou n\u00e3o, sobre ilicitudes perpetradas por Colaboradores, Gestores ou Terceiros que agem em nome das empresas do GRUPO. Ressaltasse ainda, que, todos os superiores hier\u00e1rquicos podem ser procurados caso algum Colaborador deseje relatar o cometimento de alguma irregularidade que envolva as atividades do GRUPO. Estes, por sua vez, dever\u00e3o procurar o setor de compliance, que tratar\u00e1 do assunto. Medidas disciplinares ser\u00e3o aplicadas na hip\u00f3tese de viola\u00e7\u00f5es \u00e0s regras estabelecidas pelo Programa e o procedimento de apura\u00e7\u00e3o dos fatos e responsabilidades, ser\u00e1 aplicado a todo e qualquer Colaborador ou Dirigente do GRUPO, independentemente da sua posi\u00e7\u00e3o na hierarquia interna. Caso sejam identificados ind\u00edcios razo\u00e1veis do cometimento de irregularidades graves, as puni\u00e7\u00f5es ser\u00e3o proporcionais \u00e0 viola\u00e7\u00e3o cometida e ao n\u00edvel de responsabilidade dos indiv\u00edduos envolvidos, sendo permitido o afastamento cautelar de dirigentes e empregados que possam de alguma maneira, influenciar o procedimento de apura\u00e7\u00e3o dos fatos. Uma vez confirmado o cometimento do ato lesivo, o Compliance Officer apresentar\u00e1 suas conclus\u00f5es ao Comit\u00ea de \u00c9tica e Integridade, que decidir\u00e1 pela aplica\u00e7\u00e3o das san\u00e7\u00f5es cab\u00edveis, al\u00e9m de tomar as provid\u00eancias necess\u00e1rias para fazer cessar as irregularidades e remediar os seus efeitos. O setor de compliance levar\u00e1 em considera\u00e7\u00e3o as irregularidades identificadas no plano de monitoramento cont\u00ednuo do Programa, buscando constatar poss\u00edveis falhas, que devem ser aprimoradas, e assim evitar o cometimento de novas irregularidades. Fale Conosco Seus dados estar\u00e3o seguros e rapidamente entraremos em contato com voc\u00ea, preencha seus dados ou fale diretamente conosco atrav\u00e9s de nossos canais. Email forca@forcaambiental.eco.br Telefone Rio de Janeiro: (21) 2212-3100 Endere\u00e7os: Matriz: Rua Mar\u00edlia Peixoto de Aquino, 01. Centro &#8211; S\u00e3o Jo\u00e3o da Barra &#8211; RJ Filial: Rio de Janeiro &#8211; Rua da Assembleia, 66 \/ 10\u00ba andar. Centro, Rio de Janeiro, RJ. CEP: 20011-000 Preencha CorretamenteSeus Dados<\/p>\n","protected":false},"author":3,"featured_media":0,"parent":0,"menu_order":0,"comment_status":"closed","ping_status":"closed","template":"elementor_canvas","meta":{"site-sidebar-layout":"default","site-content-layout":"","ast-site-content-layout":"default","site-content-style":"default","site-sidebar-style":"default","ast-global-header-display":"","ast-banner-title-visibility":"","ast-main-header-display":"","ast-hfb-above-header-display":"","ast-hfb-below-header-display":"","ast-hfb-mobile-header-display":"","site-post-title":"","ast-breadcrumbs-content":"","ast-featured-img":"","footer-sml-layout":"","theme-transparent-header-meta":"","adv-header-id-meta":"","stick-header-meta":"","header-above-stick-meta":"","header-main-stick-meta":"","header-below-stick-meta":"","astra-migrate-meta-layouts":"default","ast-page-background-enabled":"default","ast-page-background-meta":{"desktop":{"background-color":"var(--ast-global-color-5)","background-image":"","background-repeat":"repeat","background-position":"center center","background-size":"auto","background-attachment":"scroll","background-type":"","background-media":"","overlay-type":"","overlay-color":"","overlay-opacity":"","overlay-gradient":""},"tablet":{"background-color":"","background-image":"","background-repeat":"repeat","background-position":"center center","background-size":"auto","background-attachment":"scroll","background-type":"","background-media":"","overlay-type":"","overlay-color":"","overlay-opacity":"","overlay-gradient":""},"mobile":{"background-color":"","background-image":"","background-repeat":"repeat","background-position":"center center","background-size":"auto","background-attachment":"scroll","background-type":"","background-media":"","overlay-type":"","overlay-color":"","overlay-opacity":"","overlay-gradient":""}},"ast-content-background-meta":{"desktop":{"background-color":"var(--ast-global-color-4)","background-image":"","background-repeat":"repeat","background-position":"center center","background-size":"auto","background-attachment":"scroll","background-type":"","background-media":"","overlay-type":"","overlay-color":"","overlay-opacity":"","overlay-gradient":""},"tablet":{"background-color":"var(--ast-global-color-4)","background-image":"","background-repeat":"repeat","background-position":"center center","background-size":"auto","background-attachment":"scroll","background-type":"","background-media":"","overlay-type":"","overlay-color":"","overlay-opacity":"","overlay-gradient":""},"mobile":{"background-color":"var(--ast-global-color-4)","background-image":"","background-repeat":"repeat","background-position":"center center","background-size":"auto","background-attachment":"scroll","background-type":"","background-media":"","overlay-type":"","overlay-color":"","overlay-opacity":"","overlay-gradient":""}},"footnotes":""},"class_list":["post-1218","page","type-page","status-publish","hentry"],"_links":{"self":[{"href":"https:\/\/forcaambiental.eco.br\/index.php\/wp-json\/wp\/v2\/pages\/1218","targetHints":{"allow":["GET"]}}],"collection":[{"href":"https:\/\/forcaambiental.eco.br\/index.php\/wp-json\/wp\/v2\/pages"}],"about":[{"href":"https:\/\/forcaambiental.eco.br\/index.php\/wp-json\/wp\/v2\/types\/page"}],"author":[{"embeddable":true,"href":"https:\/\/forcaambiental.eco.br\/index.php\/wp-json\/wp\/v2\/users\/3"}],"replies":[{"embeddable":true,"href":"https:\/\/forcaambiental.eco.br\/index.php\/wp-json\/wp\/v2\/comments?post=1218"}],"version-history":[{"count":13,"href":"https:\/\/forcaambiental.eco.br\/index.php\/wp-json\/wp\/v2\/pages\/1218\/revisions"}],"predecessor-version":[{"id":1481,"href":"https:\/\/forcaambiental.eco.br\/index.php\/wp-json\/wp\/v2\/pages\/1218\/revisions\/1481"}],"wp:attachment":[{"href":"https:\/\/forcaambiental.eco.br\/index.php\/wp-json\/wp\/v2\/media?parent=1218"}],"curies":[{"name":"wp","href":"https:\/\/api.w.org\/{rel}","templated":true}]}}